{"id":74,"date":"2019-11-14T20:47:23","date_gmt":"2019-11-14T19:47:23","guid":{"rendered":"http:\/\/www.musikverein-ottoschwanden.de\/?page_id=74"},"modified":"2026-02-23T22:02:39","modified_gmt":"2026-02-23T21:02:39","slug":"mitglied-werden-2","status":"publish","type":"page","link":"https:\/\/www.musikverein-ottoschwanden.de\/index.php\/mitglied-werden-2\/","title":{"rendered":"Mitglied werden?"},"content":{"rendered":"<p>[et_pb_section fb_built=&#8220;1&#8243; _builder_version=&#8220;4.16&#8243; background_color=&#8220;#c7b299&#8243; custom_padding=&#8220;0px|0px|30px|0px|false|false&#8220; global_colors_info=&#8220;{}&#8220;][et_pb_row column_structure=&#8220;2_3,1_3&#8243; _builder_version=&#8220;4.16&#8243; custom_padding=&#8220;30px|0px|30px|0px|false|false&#8220; global_colors_info=&#8220;{}&#8220;][et_pb_column type=&#8220;2_3&#8243; _builder_version=&#8220;4.16&#8243; custom_padding=&#8220;|||&#8220; global_colors_info=&#8220;{}&#8220; custom_padding__hover=&#8220;|||&#8220;][et_pb_text _builder_version=&#8220;4.16&#8243; text_font=&#8220;||||||||&#8220; text_text_color=&#8220;#ffffff&#8220; text_font_size=&#8220;40px&#8220; text_line_height=&#8220;1.2em&#8220; header_font=&#8220;||||||||&#8220; header_text_color=&#8220;#ffffff&#8220; text_text_shadow_style=&#8220;preset2&#8243; header_text_shadow_style=&#8220;preset2&#8243; global_colors_info=&#8220;{}&#8220;]<\/p>\n<p>Wieso ben\u00f6tigen wir Ihre Unterst\u00fctzung?<\/p>\n<p>[\/et_pb_text][et_pb_text _builder_version=&#8220;4.16&#8243; custom_padding=&#8220;|25px||25px&#8220; global_colors_info=&#8220;{}&#8220;]<\/p>\n<p>Die Finanzgesch\u00e4fte eines Musikvereins sind vielf\u00e4ltig. Um die Vereinsgesch\u00e4fte zu finanzieren werden zum einen Mitgliedsbeitr\u00e4ge vereinnahmt, zum anderen aber auch Festlichkeiten durchgef\u00fchrt. Die daraus resultierenden wirtschaftlichen Einnahmen sind dann aber auch zu versteuern, sofern der Umsatzsteuerfreibetrag (Kleinunternehmerregelung) \u00fcberschritten wird.<\/p>\n<p>Steuerfrei sind Mitgliedsbeitr\u00e4ge, Spenden und Zusch\u00fcsse. Daher ist eine hohe Anzahl an f\u00f6rdernden Mitgliedern wichtig f\u00fcr einen Verein wie unseren. Leider schwindet die Zahl j\u00e4hrlich, weil es f\u00fcr viele Personen nicht mehr attraktiv ist einen kulturellen, gemeinn\u00fctzigen Verein zu unterst\u00fctzen.<\/p>\n<p><span style=\"font-size: 20px;\">Die fixen Ausgaben liegen haupts\u00e4chlich im Dirigentenhonorar, Ausbildungskosten, Trachten, Notenmaterial und Verbandsbeitr\u00e4gen.<\/span><\/p>\n<p>[\/et_pb_text][et_pb_text _builder_version=&#8220;4.16&#8243; custom_padding=&#8220;|25px||25px&#8220; global_colors_info=&#8220;{}&#8220;]<\/p>\n<p><strong>Werden Sie f\u00f6rderndes Mitglied im Musikverein Ottoschwanden e.V. und unterst\u00fctzen <br \/>Sie somit einen Verein, der\u2026<\/strong><\/p>\n<p>[\/et_pb_text][et_pb_text _builder_version=&#8220;4.16&#8243; custom_margin=&#8220;|||35px&#8220; custom_padding=&#8220;|25px||25px&#8220; global_colors_info=&#8220;{}&#8220;]<\/p>\n<ul>\n<li>das kulturelle Leben in Freiamt musikalisch bereichert<\/li>\n<li>Ihre Kinder und Jugendlichen musikalisch f\u00f6rdert und fordert<\/li>\n<li>Ihren Kindern und Jugendlichen eine soziale Gemeinschaft mit ideellen Werten vermittelt<\/li>\n<li>es seinen aktiven Mitgliedern erm\u00f6glicht Interessen gemeinschaftlich nachzugehen<\/li>\n<li>das Ehrenamt hochhebt und lebt<\/li>\n<li>daf\u00fcr sorgt, dass j\u00e4hrlich Ihr Metallschrott entsorgt wird!<\/li>\n<\/ul>\n<p>[\/et_pb_text][\/et_pb_column][et_pb_column type=&#8220;1_3&#8243; _builder_version=&#8220;4.16&#8243; background_color=&#8220;#0ba3b3&#8243; custom_padding=&#8220;|||&#8220; global_colors_info=&#8220;{}&#8220; custom_padding__hover=&#8220;|||&#8220;][et_pb_text _builder_version=&#8220;4.16&#8243; text_font=&#8220;||||||||&#8220; text_text_color=&#8220;#ffffff&#8220; text_font_size=&#8220;25px&#8220; header_font=&#8220;||||||||&#8220; header_text_color=&#8220;#ffffff&#8220; background_color=&#8220;#c7b299&#8243; text_orientation=&#8220;center&#8220; custom_padding=&#8220;10px|25px|10px|25px&#8220; text_text_shadow_style=&#8220;preset2&#8243; header_text_shadow_style=&#8220;preset2&#8243; border_width_all=&#8220;25px&#8220; border_color_all=&#8220;#0ba3b3&#8243; border_width_bottom=&#8220;0px&#8220; global_colors_info=&#8220;{}&#8220;]<\/p>\n<p>Als f\u00f6rderndes Mitglied genie\u00dfen <br \/>Sie diese Vorteile:<\/p>\n<p>[\/et_pb_text][et_pb_text _builder_version=&#8220;4.16&#8243; custom_padding=&#8220;|25px|0px|25px&#8220; global_colors_info=&#8220;{}&#8220;]<\/p>\n<ul>\n<li>Sie k\u00f6nnen Ihre Kinder durch uns musikalisch ausbilden lassen!<\/li>\n<li>Sie werden zur j\u00e4hrlichen Mitgliederversammlung eingeladen und k\u00f6nnen aktiv mitgestalten!<\/li>\n<\/ul>\n<p>[\/et_pb_text][\/et_pb_column][\/et_pb_row][et_pb_row _builder_version=&#8220;4.16&#8243; background_color=&#8220;#0ba3b3&#8243; custom_padding=&#8220;5px||30px||false|false&#8220; global_colors_info=&#8220;{}&#8220;][et_pb_column type=&#8220;4_4&#8243; _builder_version=&#8220;4.16&#8243; custom_padding=&#8220;|||&#8220; global_colors_info=&#8220;{}&#8220; custom_padding__hover=&#8220;|||&#8220;][et_pb_text _builder_version=&#8220;4.16&#8243; text_font=&#8220;||||||||&#8220; text_text_color=&#8220;#ffffff&#8220; text_font_size=&#8220;25px&#8220; background_color=&#8220;#c7b299&#8243; text_orientation=&#8220;center&#8220; custom_padding=&#8220;10px|25px|10px|25px&#8220; text_text_shadow_style=&#8220;preset2&#8243; border_width_all=&#8220;25px&#8220; border_color_all=&#8220;#0ba3b3&#8243; border_width_bottom=&#8220;0px&#8220; global_colors_info=&#8220;{}&#8220;]<\/p>\n<p>Wichtig zu wissen:<\/p>\n<p>[\/et_pb_text][et_pb_text _builder_version=&#8220;4.16&#8243; custom_padding=&#8220;|50px||50px&#8220; global_colors_info=&#8220;{}&#8220;]<\/p>\n<p style=\"text-align: center;\">Bei uns werden die Kosten f\u00fcr die musikalische Ausbildung unserer Jugend nur zu ca. 60% auf die Eltern umgelegt. Wir verstehen dies als Investition in unsere musikalische Zukunft, die wir gemeinsam gestalten wollen!<\/p>\n<p>[\/et_pb_text][\/et_pb_column][\/et_pb_row][\/et_pb_section][et_pb_section fb_built=&#8220;1&#8243; _builder_version=&#8220;4.16&#8243; background_color=&#8220;#0ba3b3&#8243; custom_padding=&#8220;0|0px|0|0px|false|false&#8220; global_colors_info=&#8220;{}&#8220;][et_pb_row _builder_version=&#8220;4.16&#8243; custom_padding=&#8220;30px|0px|30px|0px|false|false&#8220; global_colors_info=&#8220;{}&#8220;][et_pb_column type=&#8220;4_4&#8243; _builder_version=&#8220;4.16&#8243; custom_padding=&#8220;|||&#8220; global_colors_info=&#8220;{}&#8220; custom_padding__hover=&#8220;|||&#8220;][et_pb_text _builder_version=&#8220;4.16&#8243; text_font=&#8220;||||||||&#8220; text_text_color=&#8220;#ffffff&#8220; text_font_size=&#8220;40px&#8220; text_line_height=&#8220;1.2em&#8220; header_font=&#8220;||||||||&#8220; header_text_color=&#8220;#ffffff&#8220; text_text_shadow_style=&#8220;preset2&#8243; header_text_shadow_style=&#8220;preset2&#8243; global_colors_info=&#8220;{}&#8220;]<\/p>\n<p>Wie k\u00f6nnen Sie uns sonst noch unterst\u00fctzen?<\/p>\n<p>[\/et_pb_text][et_pb_text _builder_version=&#8220;4.16&#8243; custom_padding=&#8220;|25px||25px&#8220; global_colors_info=&#8220;{}&#8220;]<\/p>\n<p>Sie haben gute Gr\u00fcnde beim Musikverein Ottoschwanden e.V. nicht als f\u00f6rderndes Mitglied gef\u00fchrt zu werden und m\u00f6chten uns aber dennoch unterst\u00fctzen? Selbstverst\u00e4ndlich gibt es hierzu einige M\u00f6glichkeiten. Sie unterst\u00fctzen uns z.B. mit folgenden Mitteln:<\/p>\n<p>[\/et_pb_text][et_pb_text _builder_version=&#8220;4.16&#8243; custom_padding=&#8220;|||35px&#8220; global_colors_info=&#8220;{}&#8220;]<\/p>\n<ul>\n<li><strong>Sachspenden:<\/strong> Sie spenden uns einen Wertgegenstand oder eine Dienstleistung<\/li>\n<li><strong>Geldspenden:<\/strong> Sie spenden uns einen Geldbetrag Ihrer Wahl<\/li>\n<li><strong>Notenspenden:<\/strong> Sie kaufen einen Notensatz und spenden ihn uns<\/li>\n<li><strong>Altmetallsammlung:<\/strong> Sie spenden uns ihren Metallschrott<\/li>\n<li><strong>Sponsoring:<\/strong> Sie treten als Sponsor auf bei Vereinsfesten, in Publikationen etc.<\/li>\n<li><strong>Werbung:<\/strong> Anzeigenschaltung bei Vorberichten im Emmendinger Tor oder Badische Zeitung<\/li>\n<\/ul>\n<p>[\/et_pb_text][et_pb_text _builder_version=&#8220;4.16&#8243; custom_padding=&#8220;|25px||25px&#8220; global_colors_info=&#8220;{}&#8220;]<\/p>\n<p>Oder sie besuchen unsere Festveranstaltungen, Konzerte oder eine der sonstigen \u00f6ffentlichen Veranstaltungen. Wir freuen uns auf Sie!<\/p>\n<p>[\/et_pb_text][\/et_pb_column][\/et_pb_row][\/et_pb_section][et_pb_section fb_built=&#8220;1&#8243; _builder_version=&#8220;4.16&#8243; custom_padding=&#8220;0|0px|0|0px|false|false&#8220; global_colors_info=&#8220;{}&#8220;][et_pb_row column_structure=&#8220;1_3,2_3&#8243; custom_padding_last_edited=&#8220;on|phone&#8220; _builder_version=&#8220;4.16&#8243; custom_padding=&#8220;30px|0px|30px|0px|false|false&#8220; custom_padding_tablet=&#8220;&#8220; custom_padding_phone=&#8220;|0px||0px|false|false&#8220; global_colors_info=&#8220;{}&#8220;][et_pb_column type=&#8220;1_3&#8243; _builder_version=&#8220;4.16&#8243; background_color=&#8220;#c7b299&#8243; custom_padding=&#8220;|||&#8220; global_colors_info=&#8220;{}&#8220; custom_padding__hover=&#8220;|||&#8220;][et_pb_team_member name=&#8220;Marius Vetter&#8220; position=&#8220;Mitgliederverwaltung&#8220; image_url=&#8220;https:\/\/www.musikverein-ottoschwanden.de\/wp-content\/uploads\/2025\/11\/20250526_1935430-scaled.jpg&#8220; icon_color=&#8220;rgba(0,0,0,0)&#8220; _builder_version=&#8220;4.17.6&#8243; header_font=&#8220;||||||||&#8220; header_text_color=&#8220;#0ba3b3&#8243; header_font_size=&#8220;30px&#8220; body_font=&#8220;||||||||&#8220; body_text_color=&#8220;#000000&#8243; position_text_color=&#8220;#0ba3b3&#8243; custom_margin=&#8220;|||0px&#8220; custom_padding=&#8220;25px|25px|25px|25px|false|false&#8220; custom_padding_tablet=&#8220;35px|150px|35px|150px|false|false&#8220; custom_padding_phone=&#8220;25px|25px|25px|25px|false|false&#8220; custom_padding_last_edited=&#8220;on|phone&#8220; animation_style=&#8220;flip&#8220; hover_enabled=&#8220;0&#8243; border_radii_image=&#8220;on|20px|20px|20px|20px&#8220; global_colors_info=&#8220;{}&#8220; title_text=&#8220;20250526_193543(0)&#8220; sticky_enabled=&#8220;0&#8243;]<\/p>\n<p style=\"text-align: left;\"><span style=\"color: #ffffff;\"><br \/><span style=\"color: #000000;\">Am Bus 3<\/span><\/span><br \/><span style=\"color: #000000;\"> 79348 Freiamt<\/span><br \/><span style=\"color: #000000;\"> Mobil: 0176 47819581<\/span><br \/><span style=\"color: #000000;\"> Mail:\u00a0<span style=\"text-decoration: underline;\"><span style=\"color: #0ba3b3;\"><a href=\"mailto:jugend@musikverein-ottoschwanden.de\" style=\"color: #0ba3b3; text-decoration: underline;\">verwaltung@musikverein-ottoschwanden.de<\/a><\/span><\/span><\/span><\/p>\n<p>[\/et_pb_team_member][\/et_pb_column][et_pb_column type=&#8220;2_3&#8243; _builder_version=&#8220;4.16&#8243; background_color=&#8220;#c7b299&#8243; custom_padding=&#8220;|||&#8220; global_colors_info=&#8220;{}&#8220; custom_padding__hover=&#8220;|||&#8220;][et_pb_text _builder_version=&#8220;4.16&#8243; text_font=&#8220;||||||||&#8220; text_text_color=&#8220;#ffffff&#8220; text_font_size=&#8220;25px&#8220; header_font=&#8220;||||||||&#8220; header_text_color=&#8220;#ffffff&#8220; custom_padding=&#8220;25px|25px||25px&#8220; text_text_shadow_style=&#8220;preset2&#8243; header_text_shadow_style=&#8220;preset2&#8243; global_colors_info=&#8220;{}&#8220;]<\/p>\n<p>Wir haben sie \u00fcberzeugt?<\/p>\n<p>[\/et_pb_text][et_pb_text _builder_version=&#8220;4.16&#8243; custom_padding=&#8220;0px|25px|15px|25px&#8220; global_colors_info=&#8220;{}&#8220;]<\/p>\n<p>Dann werden Sie doch Mitglied im Musikverein Ottoschanden e.V. und unterst\u00fctzen uns so zuk\u00fcftig bei der gesalltung des musikalischen Lebens in Freiamt! Dazu m\u00fcssen Sie nur die <a href=\"https:\/\/www.musikverein-ottoschwanden.de\/wp-content\/uploads\/2021\/03\/MVO_Beitrittserklaerung.pdf\"><span style=\"text-decoration: underline;\">Beitrittserkl\u00e4rung<\/span> <\/a>ausf\u00fcllen und an die zust\u00e4ndige Person (siehe links) weiterleiten.<\/p>\n<p>Sie haben doch noch ein paar Fragen zu der Mitgliedschaft in unserem Verein oder Sie w\u00fcrden gerne einmalig Spenden wissen aber nicht was ben\u00f6tigt wird, dann nutzen Sie doch gerne das Kontaktformular!<\/p>\n<p>[\/et_pb_text][et_pb_contact_form module_id=&#8220;et_pb_contact_form_2&#8243; _builder_version=&#8220;4.16&#8243; _unique_id=&#8220;bd31ee9e-7276-48ce-802e-01448ee2d1df&#8220; custom_button=&#8220;on&#8220; button_text_color=&#8220;#c7b299&#8243; button_bg_color=&#8220;#0ba3b3&#8243; button_border_color=&#8220;rgba(0,0,0,0)&#8220; button_font=&#8220;||||||||&#8220; button_icon_color=&#8220;#0ba3b3&#8243; custom_padding=&#8220;|25px|33px|25px&#8220; global_colors_info=&#8220;{}&#8220;][et_pb_contact_field field_id=&#8220;Name&#8220; field_title=&#8220;Ihr Name&#8220; _builder_version=&#8220;4.16&#8243; global_colors_info=&#8220;{}&#8220; button_text_size__hover_enabled=&#8220;off&#8220; button_one_text_size__hover_enabled=&#8220;off&#8220; button_two_text_size__hover_enabled=&#8220;off&#8220; button_text_color__hover_enabled=&#8220;off&#8220; button_one_text_color__hover_enabled=&#8220;off&#8220; button_two_text_color__hover_enabled=&#8220;off&#8220; button_border_width__hover_enabled=&#8220;off&#8220; button_one_border_width__hover_enabled=&#8220;off&#8220; button_two_border_width__hover_enabled=&#8220;off&#8220; button_border_color__hover_enabled=&#8220;off&#8220; button_one_border_color__hover_enabled=&#8220;off&#8220; button_two_border_color__hover_enabled=&#8220;off&#8220; button_border_radius__hover_enabled=&#8220;off&#8220; button_one_border_radius__hover_enabled=&#8220;off&#8220; button_two_border_radius__hover_enabled=&#8220;off&#8220; button_letter_spacing__hover_enabled=&#8220;off&#8220; button_one_letter_spacing__hover_enabled=&#8220;off&#8220; button_two_letter_spacing__hover_enabled=&#8220;off&#8220; button_bg_color__hover_enabled=&#8220;off&#8220; button_one_bg_color__hover_enabled=&#8220;off&#8220; button_two_bg_color__hover_enabled=&#8220;off&#8220;][\/et_pb_contact_field][et_pb_contact_field field_id=&#8220;Email&#8220; field_title=&#8220;Ihre E-Mail-Adresse&#8220; field_type=&#8220;email&#8220; _builder_version=&#8220;4.16&#8243; global_colors_info=&#8220;{}&#8220; button_text_size__hover_enabled=&#8220;off&#8220; button_one_text_size__hover_enabled=&#8220;off&#8220; button_two_text_size__hover_enabled=&#8220;off&#8220; button_text_color__hover_enabled=&#8220;off&#8220; button_one_text_color__hover_enabled=&#8220;off&#8220; button_two_text_color__hover_enabled=&#8220;off&#8220; button_border_width__hover_enabled=&#8220;off&#8220; button_one_border_width__hover_enabled=&#8220;off&#8220; button_two_border_width__hover_enabled=&#8220;off&#8220; button_border_color__hover_enabled=&#8220;off&#8220; button_one_border_color__hover_enabled=&#8220;off&#8220; button_two_border_color__hover_enabled=&#8220;off&#8220; button_border_radius__hover_enabled=&#8220;off&#8220; button_one_border_radius__hover_enabled=&#8220;off&#8220; button_two_border_radius__hover_enabled=&#8220;off&#8220; button_letter_spacing__hover_enabled=&#8220;off&#8220; button_one_letter_spacing__hover_enabled=&#8220;off&#8220; button_two_letter_spacing__hover_enabled=&#8220;off&#8220; button_bg_color__hover_enabled=&#8220;off&#8220; button_one_bg_color__hover_enabled=&#8220;off&#8220; button_two_bg_color__hover_enabled=&#8220;off&#8220;][\/et_pb_contact_field][et_pb_contact_field field_id=&#8220;Message&#8220; field_title=&#8220;Ihre Frage zur Mitgliedschaft oder zu Spendenbedarf?&#8220; field_type=&#8220;text&#8220; fullwidth_field=&#8220;on&#8220; _builder_version=&#8220;4.16&#8243; global_colors_info=&#8220;{}&#8220; button_text_size__hover_enabled=&#8220;off&#8220; button_one_text_size__hover_enabled=&#8220;off&#8220; button_two_text_size__hover_enabled=&#8220;off&#8220; button_text_color__hover_enabled=&#8220;off&#8220; button_one_text_color__hover_enabled=&#8220;off&#8220; button_two_text_color__hover_enabled=&#8220;off&#8220; button_border_width__hover_enabled=&#8220;off&#8220; button_one_border_width__hover_enabled=&#8220;off&#8220; button_two_border_width__hover_enabled=&#8220;off&#8220; button_border_color__hover_enabled=&#8220;off&#8220; button_one_border_color__hover_enabled=&#8220;off&#8220; button_two_border_color__hover_enabled=&#8220;off&#8220; button_border_radius__hover_enabled=&#8220;off&#8220; button_one_border_radius__hover_enabled=&#8220;off&#8220; button_two_border_radius__hover_enabled=&#8220;off&#8220; button_letter_spacing__hover_enabled=&#8220;off&#8220; button_one_letter_spacing__hover_enabled=&#8220;off&#8220; button_two_letter_spacing__hover_enabled=&#8220;off&#8220; button_bg_color__hover_enabled=&#8220;off&#8220; button_one_bg_color__hover_enabled=&#8220;off&#8220; button_two_bg_color__hover_enabled=&#8220;off&#8220;][\/et_pb_contact_field][\/et_pb_contact_form][\/et_pb_column][\/et_pb_row][\/et_pb_section]<\/p>\n","protected":false},"excerpt":{"rendered":"<p>Wieso ben\u00f6tigen wir Ihre Unterst\u00fctzung?Die Finanzgesch\u00e4fte eines Musikvereins sind vielf\u00e4ltig. Um die Vereinsgesch\u00e4fte zu finanzieren werden zum einen Mitgliedsbeitr\u00e4ge vereinnahmt, zum anderen aber auch Festlichkeiten durchgef\u00fchrt. Die daraus resultierenden wirtschaftlichen Einnahmen sind dann aber auch zu versteuern, sofern der Umsatzsteuerfreibetrag (Kleinunternehmerregelung) \u00fcberschritten wird. Steuerfrei sind Mitgliedsbeitr\u00e4ge, Spenden und Zusch\u00fcsse. Daher ist eine hohe Anzahl an [&hellip;]<\/p>\n","protected":false},"author":1,"featured_media":0,"parent":0,"menu_order":0,"comment_status":"closed","ping_status":"closed","template":"","meta":{"_et_pb_use_builder":"on","_et_pb_old_content":"","_et_gb_content_width":""},"yoast_head":"<!-- This site is optimized with the Yoast SEO plugin v20.6 - https:\/\/yoast.com\/wordpress\/plugins\/seo\/ -->\n<title>Mitglied werden? - Musikverein Ottoschwanden e.V.<\/title>\n<meta name=\"robots\" content=\"index, follow, max-snippet:-1, max-image-preview:large, max-video-preview:-1\" \/>\n<link rel=\"canonical\" href=\"https:\/\/www.musikverein-ottoschwanden.de\/index.php\/mitglied-werden-2\/\" \/>\n<meta property=\"og:locale\" content=\"de_DE\" \/>\n<meta property=\"og:type\" content=\"article\" \/>\n<meta property=\"og:title\" content=\"Mitglied werden? - Musikverein Ottoschwanden e.V.\" \/>\n<meta property=\"og:description\" content=\"Wieso ben\u00f6tigen wir Ihre Unterst\u00fctzung?Die Finanzgesch\u00e4fte eines Musikvereins sind vielf\u00e4ltig. Um die Vereinsgesch\u00e4fte zu finanzieren werden zum einen Mitgliedsbeitr\u00e4ge vereinnahmt, zum anderen aber auch Festlichkeiten durchgef\u00fchrt. Die daraus resultierenden wirtschaftlichen Einnahmen sind dann aber auch zu versteuern, sofern der Umsatzsteuerfreibetrag (Kleinunternehmerregelung) \u00fcberschritten wird. Steuerfrei sind Mitgliedsbeitr\u00e4ge, Spenden und Zusch\u00fcsse. Daher ist eine hohe Anzahl an [&hellip;]\" \/>\n<meta property=\"og:url\" content=\"https:\/\/www.musikverein-ottoschwanden.de\/index.php\/mitglied-werden-2\/\" \/>\n<meta property=\"og:site_name\" content=\"Musikverein Ottoschwanden e.V.\" \/>\n<meta property=\"article:modified_time\" content=\"2026-02-23T21:02:39+00:00\" \/>\n<meta name=\"twitter:card\" content=\"summary_large_image\" \/>\n<meta name=\"twitter:label1\" content=\"Gesch\u00e4tzte Lesezeit\" \/>\n\t<meta name=\"twitter:data1\" content=\"9\u00a0Minuten\" \/>\n<script type=\"application\/ld+json\" class=\"yoast-schema-graph\">{\"@context\":\"https:\/\/schema.org\",\"@graph\":[{\"@type\":\"WebPage\",\"@id\":\"https:\/\/www.musikverein-ottoschwanden.de\/index.php\/mitglied-werden-2\/\",\"url\":\"https:\/\/www.musikverein-ottoschwanden.de\/index.php\/mitglied-werden-2\/\",\"name\":\"Mitglied werden? - Musikverein Ottoschwanden e.V.\",\"isPartOf\":{\"@id\":\"https:\/\/www.musikverein-ottoschwanden.de\/#website\"},\"datePublished\":\"2019-11-14T19:47:23+00:00\",\"dateModified\":\"2026-02-23T21:02:39+00:00\",\"breadcrumb\":{\"@id\":\"https:\/\/www.musikverein-ottoschwanden.de\/index.php\/mitglied-werden-2\/#breadcrumb\"},\"inLanguage\":\"de\",\"potentialAction\":[{\"@type\":\"ReadAction\",\"target\":[\"https:\/\/www.musikverein-ottoschwanden.de\/index.php\/mitglied-werden-2\/\"]}]},{\"@type\":\"BreadcrumbList\",\"@id\":\"https:\/\/www.musikverein-ottoschwanden.de\/index.php\/mitglied-werden-2\/#breadcrumb\",\"itemListElement\":[{\"@type\":\"ListItem\",\"position\":1,\"name\":\"Home\",\"item\":\"https:\/\/www.musikverein-ottoschwanden.de\/\"},{\"@type\":\"ListItem\",\"position\":2,\"name\":\"Mitglied werden?\"}]},{\"@type\":\"WebSite\",\"@id\":\"https:\/\/www.musikverein-ottoschwanden.de\/#website\",\"url\":\"https:\/\/www.musikverein-ottoschwanden.de\/\",\"name\":\"Musikverein Ottoschwanden e.V.\",\"description\":\"\",\"potentialAction\":[{\"@type\":\"SearchAction\",\"target\":{\"@type\":\"EntryPoint\",\"urlTemplate\":\"https:\/\/www.musikverein-ottoschwanden.de\/?s={search_term_string}\"},\"query-input\":\"required name=search_term_string\"}],\"inLanguage\":\"de\"}]}<\/script>\n<!-- \/ Yoast SEO plugin. -->","yoast_head_json":{"title":"Mitglied werden? - Musikverein Ottoschwanden e.V.","robots":{"index":"index","follow":"follow","max-snippet":"max-snippet:-1","max-image-preview":"max-image-preview:large","max-video-preview":"max-video-preview:-1"},"canonical":"https:\/\/www.musikverein-ottoschwanden.de\/index.php\/mitglied-werden-2\/","og_locale":"de_DE","og_type":"article","og_title":"Mitglied werden? - Musikverein Ottoschwanden e.V.","og_description":"Wieso ben\u00f6tigen wir Ihre Unterst\u00fctzung?Die Finanzgesch\u00e4fte eines Musikvereins sind vielf\u00e4ltig. Um die Vereinsgesch\u00e4fte zu finanzieren werden zum einen Mitgliedsbeitr\u00e4ge vereinnahmt, zum anderen aber auch Festlichkeiten durchgef\u00fchrt. Die daraus resultierenden wirtschaftlichen Einnahmen sind dann aber auch zu versteuern, sofern der Umsatzsteuerfreibetrag (Kleinunternehmerregelung) \u00fcberschritten wird. Steuerfrei sind Mitgliedsbeitr\u00e4ge, Spenden und Zusch\u00fcsse. Daher ist eine hohe Anzahl an [&hellip;]","og_url":"https:\/\/www.musikverein-ottoschwanden.de\/index.php\/mitglied-werden-2\/","og_site_name":"Musikverein Ottoschwanden e.V.","article_modified_time":"2026-02-23T21:02:39+00:00","twitter_card":"summary_large_image","twitter_misc":{"Gesch\u00e4tzte Lesezeit":"9\u00a0Minuten"},"schema":{"@context":"https:\/\/schema.org","@graph":[{"@type":"WebPage","@id":"https:\/\/www.musikverein-ottoschwanden.de\/index.php\/mitglied-werden-2\/","url":"https:\/\/www.musikverein-ottoschwanden.de\/index.php\/mitglied-werden-2\/","name":"Mitglied werden? - Musikverein Ottoschwanden e.V.","isPartOf":{"@id":"https:\/\/www.musikverein-ottoschwanden.de\/#website"},"datePublished":"2019-11-14T19:47:23+00:00","dateModified":"2026-02-23T21:02:39+00:00","breadcrumb":{"@id":"https:\/\/www.musikverein-ottoschwanden.de\/index.php\/mitglied-werden-2\/#breadcrumb"},"inLanguage":"de","potentialAction":[{"@type":"ReadAction","target":["https:\/\/www.musikverein-ottoschwanden.de\/index.php\/mitglied-werden-2\/"]}]},{"@type":"BreadcrumbList","@id":"https:\/\/www.musikverein-ottoschwanden.de\/index.php\/mitglied-werden-2\/#breadcrumb","itemListElement":[{"@type":"ListItem","position":1,"name":"Home","item":"https:\/\/www.musikverein-ottoschwanden.de\/"},{"@type":"ListItem","position":2,"name":"Mitglied werden?"}]},{"@type":"WebSite","@id":"https:\/\/www.musikverein-ottoschwanden.de\/#website","url":"https:\/\/www.musikverein-ottoschwanden.de\/","name":"Musikverein Ottoschwanden e.V.","description":"","potentialAction":[{"@type":"SearchAction","target":{"@type":"EntryPoint","urlTemplate":"https:\/\/www.musikverein-ottoschwanden.de\/?s={search_term_string}"},"query-input":"required name=search_term_string"}],"inLanguage":"de"}]}},"_links":{"self":[{"href":"https:\/\/www.musikverein-ottoschwanden.de\/index.php\/wp-json\/wp\/v2\/pages\/74"}],"collection":[{"href":"https:\/\/www.musikverein-ottoschwanden.de\/index.php\/wp-json\/wp\/v2\/pages"}],"about":[{"href":"https:\/\/www.musikverein-ottoschwanden.de\/index.php\/wp-json\/wp\/v2\/types\/page"}],"author":[{"embeddable":true,"href":"https:\/\/www.musikverein-ottoschwanden.de\/index.php\/wp-json\/wp\/v2\/users\/1"}],"replies":[{"embeddable":true,"href":"https:\/\/www.musikverein-ottoschwanden.de\/index.php\/wp-json\/wp\/v2\/comments?post=74"}],"version-history":[{"count":56,"href":"https:\/\/www.musikverein-ottoschwanden.de\/index.php\/wp-json\/wp\/v2\/pages\/74\/revisions"}],"predecessor-version":[{"id":2056,"href":"https:\/\/www.musikverein-ottoschwanden.de\/index.php\/wp-json\/wp\/v2\/pages\/74\/revisions\/2056"}],"wp:attachment":[{"href":"https:\/\/www.musikverein-ottoschwanden.de\/index.php\/wp-json\/wp\/v2\/media?parent=74"}],"curies":[{"name":"wp","href":"https:\/\/api.w.org\/{rel}","templated":true}]}}