{"id":728,"date":"2020-03-25T20:05:01","date_gmt":"2020-03-25T19:05:01","guid":{"rendered":"http:\/\/www.musikverein-ottoschwanden.de\/?page_id=728"},"modified":"2021-01-12T22:13:36","modified_gmt":"2021-01-12T21:13:36","slug":"impressum","status":"publish","type":"page","link":"https:\/\/www.musikverein-ottoschwanden.de\/index.php\/impressum\/","title":{"rendered":"<center> Impressum <\/center>"},"content":{"rendered":"[et_pb_section fb_built=&#8220;1&#8243; admin_label=&#8220;section&#8220; _builder_version=&#8220;3.22&#8243;][et_pb_row admin_label=&#8220;row&#8220; _builder_version=&#8220;3.25&#8243; background_size=&#8220;initial&#8220; background_position=&#8220;top_left&#8220; background_repeat=&#8220;repeat&#8220;][et_pb_column type=&#8220;4_4&#8243; _builder_version=&#8220;3.25&#8243; custom_padding=&#8220;|||&#8220; custom_padding__hover=&#8220;|||&#8220;][et_pb_text admin_label=&#8220;Text&#8220; _builder_version=&#8220;3.27.4&#8243; background_size=&#8220;initial&#8220; background_position=&#8220;top_left&#8220; background_repeat=&#8220;repeat&#8220;]<p><\/p>\n<p class=\"has-text-align-center\">Angaben gem\u00e4\u00df \u00a7 5<br \/> TMG<\/p>\n<p><\/p>\n<p><\/p>\n<p class=\"has-text-align-center\">Musikverein Ottoschwanden e.V. <br \/>Sonne 1<br \/>79348 Freiamt<\/p>\n<p style=\"text-align: center;\"><strong>Vertreten durch: <\/strong> <br \/>Tobias B\u00fchler, Hansj\u00f6rg B\u00fchrer, Klaus Ziebold, Tamara Engler<\/p>\n<p><\/p>\n<p><\/p>\n<p class=\"has-text-align-center\"><strong>Registereintrag: <\/strong><br \/> Eintragung im Vereinsregister, Registergericht: Freiburg <br \/> Registernummer: 260026<\/p>\n<p><\/p>\n<p><\/p>\n<p class=\"has-text-align-center\"><strong>Verantwortlich f\u00fcr den Inhalt nach \u00a7 55 Abs. 2 RStV: <\/strong><br \/> Florian Ziebold\u00a0\u00a0<br \/>Sonne 1\u00a0<br \/> 79348 Freiamt<\/p>\n<p><\/p>\n<p><\/p>\n<h2 class=\"has-text-align-center\">Haftungsausschluss:<\/h2>\n<p><\/p>\n<p><\/p>\n<h3 class=\"has-text-align-center\">Haftung f\u00fcr Inhalte<\/h3>\n<p><\/p>\n<p><\/p>\n<p class=\"has-text-align-center\">Die Inhalte unserer<br \/> Seiten wurden mit gr\u00f6\u00dfter Sorgfalt erstellt. F\u00fcr die Richtigkeit,<br \/> Vollst\u00e4ndigkeit und Aktualit\u00e4t der Inhalte k\u00f6nnen wir jedoch keine Gew\u00e4hr<br \/> \u00fcbernehmen. Als Diensteanbieter sind wir gem\u00e4\u00df \u00a7 7 Abs.1 TMG f\u00fcr eigene Inhalte<br \/> auf diesen Seiten nach den allgemeinen Gesetzen verantwortlich. Nach \u00a7\u00a7 8 bis<br \/> 10 TMG sind wir als Diensteanbieter jedoch nicht verpflichtet, \u00fcbermittelte<br \/> oder gespeicherte fremde Informationen zu \u00fcberwachen oder nach Umst\u00e4nden zu<br \/> forschen, die auf eine rechtswidrige T\u00e4tigkeit hinweisen. Verpflichtungen zur<br \/> Entfernung oder Sperrung der Nutzung von Informationen nach den allgemeinen<br \/> Gesetzen bleiben hiervon unber\u00fchrt. Eine diesbez\u00fcgliche Haftung ist jedoch erst<br \/> ab dem Zeitpunkt der Kenntnis einer konkreten Rechtsverletzung m\u00f6glich. Bei<br \/> Bekanntwerden von entsprechenden Rechtsverletzungen werden wir diese Inhalte<br \/> umgehend entfernen.<\/p>\n<p><\/p>\n<p><\/p>\n<h3 class=\"has-text-align-center\">Haftung f\u00fcr Links<\/h3>\n<p><\/p>\n<p><\/p>\n<p class=\"has-text-align-center\">Unser Angebot<br \/> enth\u00e4lt Links zu externen Webseiten Dritter, auf deren Inhalte wir keinen<br \/> Einfluss haben. Deshalb k\u00f6nnen wir f\u00fcr diese fremden Inhalte auch keine Gew\u00e4hr<br \/> \u00fcbernehmen. F\u00fcr die Inhalte der verlinkten Seiten ist stets der jeweilige<br \/> Anbieter oder Betreiber der Seiten verantwortlich. Die verlinkten Seiten wurden<br \/> zum Zeitpunkt der Verlinkung auf m\u00f6gliche Rechtsverst\u00f6\u00dfe \u00fcberpr\u00fcft.<br \/> Rechtswidrige Inhalte waren zum Zeitpunkt der Verlinkung nicht erkennbar. Eine<br \/> permanente inhaltliche Kontrolle der verlinkten Seiten ist jedoch ohne konkrete<br \/> Anhaltspunkte einer Rechtsverletzung nicht zumutbar. Bei Bekanntwerden von<br \/> Rechtsverletzungen werden wir derartige Links umgehend entfernen.<\/p>\n<p><\/p>\n<p><\/p>\n<h3 class=\"has-text-align-center\">Urheberrecht<\/h3>\n<p><\/p>\n<p><\/p>\n<p class=\"has-text-align-center\">Die durch die<br \/> Seitenbetreiber erstellten Inhalte und Werke auf diesen Seiten unterliegen dem<br \/> deutschen Urheberrecht. Die Vervielf\u00e4ltigung, Bearbeitung, Verbreitung und jede<br \/> Art der Verwertung au\u00dferhalb der Grenzen des Urheberrechtes bed\u00fcrfen der<br \/> schriftlichen Zustimmung des jeweiligen Autors bzw. Erstellers. Downloads und<br \/> Kopien dieser Seite sind nur f\u00fcr den privaten, nicht kommerziellen Gebrauch<br \/> gestattet. Soweit die Inhalte auf dieser Seite nicht vom Betreiber erstellt<br \/> wurden, werden die Urheberrechte Dritter beachtet. Insbesondere werden Inhalte<br \/> Dritter als solche gekennzeichnet. Sollten Sie trotzdem auf eine<br \/> Urheberrechtsverletzung aufmerksam werden, bitten wir um einen entsprechenden<br \/> Hinweis. Bei Bekanntwerden von Rechtsverletzungen werden wir derartige Inhalte<br \/> umgehend entfernen.<\/p>\n<p><\/p>\n<p><\/p>\n<h3 class=\"has-text-align-center\">Datenschutz<\/h3>\n<p><\/p>\n<p><\/p>\n<p class=\"has-text-align-center\">F\u00fcr alle Fragen zum Thema Datenschutz verweisen wir auf unsere <a href=\"https:\/\/www.musikverein-ottoschwanden.de\/index.php\/datenschutzerklaerung\/\">Datenschutzerkl\u00e4rung<\/a>.<\/p>\n<p><\/p>[\/et_pb_text][\/et_pb_column][\/et_pb_row][\/et_pb_section]","protected":false},"excerpt":{"rendered":"<p>Angaben gem\u00e4\u00df \u00a7 5 TMG Musikverein Ottoschwanden e.V. Sonne 179348 Freiamt Vertreten durch: Tobias B\u00fchler, Hansj\u00f6rg B\u00fchrer, Klaus Ziebold, Tamara Engler Registereintrag: Eintragung im Vereinsregister, Registergericht: Freiburg Registernummer: 260026 Verantwortlich f\u00fcr den Inhalt nach \u00a7 55 Abs. 2 RStV: Florian Ziebold\u00a0\u00a0Sonne 1\u00a0 79348 Freiamt Haftungsausschluss: Haftung f\u00fcr Inhalte Die Inhalte unserer Seiten wurden mit gr\u00f6\u00dfter [&hellip;]<\/p>\n","protected":false},"author":1,"featured_media":0,"parent":0,"menu_order":0,"comment_status":"closed","ping_status":"closed","template":"","meta":{"_et_pb_use_builder":"on","_et_pb_old_content":"<!-- wp:paragraph {\"align\":\"center\"} -->\n<p class=\"has-text-align-center\">Angaben gem\u00e4\u00df \u00a7 5\nTMG<\/p>\n<!-- \/wp:paragraph -->\n\n<!-- wp:paragraph {\"align\":\"center\"} -->\n<p class=\"has-text-align-center\">Musikverein Ottoschwanden e.V. <br>M\u00fcrle 7 <br>79348 Freiamt  <br><br><strong>Vertreten durch: <\/strong> <br>Florian Kern, Tobias B\u00fchler, Hansj\u00f6rg B\u00fchrer, Klaus Ziebold, Tamara Engler <\/p>\n<!-- \/wp:paragraph -->\n\n<!-- wp:paragraph {\"align\":\"center\"} -->\n<p class=\"has-text-align-center\"> <strong>Registereintrag:  <\/strong><br> Eintragung im Vereinsregister, Registergericht: Freiburg <br> Registernummer: 260026  <br><\/p>\n<!-- \/wp:paragraph -->\n\n<!-- wp:paragraph {\"align\":\"center\"} -->\n<p class=\"has-text-align-center\"> <strong>Verantwortlich f\u00fcr den Inhalt nach \u00a7 55 Abs. 2 RStV: <\/strong><br> Florian Kern  <br> M\u00fcrle 7 <br> 79348 Freiamt   <\/p>\n<!-- \/wp:paragraph -->\n\n<!-- wp:heading {\"align\":\"center\"} -->\n<h2 class=\"has-text-align-center\">Haftungsausschluss:\n<\/h2>\n<!-- \/wp:heading -->\n\n<!-- wp:heading {\"align\":\"center\",\"level\":3} -->\n<h3 class=\"has-text-align-center\">Haftung f\u00fcr Inhalte<\/h3>\n<!-- \/wp:heading -->\n\n<!-- wp:paragraph {\"align\":\"center\"} -->\n<p class=\"has-text-align-center\">Die Inhalte unserer\nSeiten wurden mit gr\u00f6\u00dfter Sorgfalt erstellt. F\u00fcr die Richtigkeit,\nVollst\u00e4ndigkeit und Aktualit\u00e4t der Inhalte k\u00f6nnen wir jedoch keine Gew\u00e4hr\n\u00fcbernehmen. Als Diensteanbieter sind wir gem\u00e4\u00df \u00a7 7 Abs.1 TMG f\u00fcr eigene Inhalte\nauf diesen Seiten nach den allgemeinen Gesetzen verantwortlich. Nach \u00a7\u00a7 8 bis\n10 TMG sind wir als Diensteanbieter jedoch nicht verpflichtet, \u00fcbermittelte\noder gespeicherte fremde Informationen zu \u00fcberwachen oder nach Umst\u00e4nden zu\nforschen, die auf eine rechtswidrige T\u00e4tigkeit hinweisen. Verpflichtungen zur\nEntfernung oder Sperrung der Nutzung von Informationen nach den allgemeinen\nGesetzen bleiben hiervon unber\u00fchrt. Eine diesbez\u00fcgliche Haftung ist jedoch erst\nab dem Zeitpunkt der Kenntnis einer konkreten Rechtsverletzung m\u00f6glich. Bei\nBekanntwerden von entsprechenden Rechtsverletzungen werden wir diese Inhalte\numgehend entfernen.<\/p>\n<!-- \/wp:paragraph -->\n\n<!-- wp:heading {\"align\":\"center\",\"level\":3} -->\n<h3 class=\"has-text-align-center\">Haftung f\u00fcr Links<\/h3>\n<!-- \/wp:heading -->\n\n<!-- wp:paragraph {\"align\":\"center\"} -->\n<p class=\"has-text-align-center\">Unser Angebot\nenth\u00e4lt Links zu externen Webseiten Dritter, auf deren Inhalte wir keinen\nEinfluss haben. Deshalb k\u00f6nnen wir f\u00fcr diese fremden Inhalte auch keine Gew\u00e4hr\n\u00fcbernehmen. F\u00fcr die Inhalte der verlinkten Seiten ist stets der jeweilige\nAnbieter oder Betreiber der Seiten verantwortlich. Die verlinkten Seiten wurden\nzum Zeitpunkt der Verlinkung auf m\u00f6gliche Rechtsverst\u00f6\u00dfe \u00fcberpr\u00fcft.\nRechtswidrige Inhalte waren zum Zeitpunkt der Verlinkung nicht erkennbar. Eine\npermanente inhaltliche Kontrolle der verlinkten Seiten ist jedoch ohne konkrete\nAnhaltspunkte einer Rechtsverletzung nicht zumutbar. Bei Bekanntwerden von\nRechtsverletzungen werden wir derartige Links umgehend entfernen.<\/p>\n<!-- \/wp:paragraph -->\n\n<!-- wp:heading {\"align\":\"center\",\"level\":3} -->\n<h3 class=\"has-text-align-center\">Urheberrecht<\/h3>\n<!-- \/wp:heading -->\n\n<!-- wp:paragraph {\"align\":\"center\"} -->\n<p class=\"has-text-align-center\">Die durch die\nSeitenbetreiber erstellten Inhalte und Werke auf diesen Seiten unterliegen dem\ndeutschen Urheberrecht. Die Vervielf\u00e4ltigung, Bearbeitung, Verbreitung und jede\nArt der Verwertung au\u00dferhalb der Grenzen des Urheberrechtes bed\u00fcrfen der\nschriftlichen Zustimmung des jeweiligen Autors bzw. Erstellers. Downloads und\nKopien dieser Seite sind nur f\u00fcr den privaten, nicht kommerziellen Gebrauch\ngestattet. Soweit die Inhalte auf dieser Seite nicht vom Betreiber erstellt\nwurden, werden die Urheberrechte Dritter beachtet. Insbesondere werden Inhalte\nDritter als solche gekennzeichnet. Sollten Sie trotzdem auf eine\nUrheberrechtsverletzung aufmerksam werden, bitten wir um einen entsprechenden\nHinweis. Bei Bekanntwerden von Rechtsverletzungen werden wir derartige Inhalte\numgehend entfernen.<\/p>\n<!-- \/wp:paragraph -->\n\n<!-- wp:heading {\"align\":\"center\",\"level\":3} -->\n<h3 class=\"has-text-align-center\">Datenschutz<\/h3>\n<!-- \/wp:heading -->\n\n<!-- wp:paragraph {\"align\":\"center\"} -->\n<p class=\"has-text-align-center\">F\u00fcr alle Fragen zum Thema Datenschutz verweisen wir auf unsere <a href=\"http:\/\/www.musikverein-ottoschwanden.de\/index.php\/datenschutzerklaerung\/\">Datenschutzerkl\u00e4rung<\/a>.<\/p>\n<!-- \/wp:paragraph -->","_et_gb_content_width":""},"yoast_head":"<!-- This site is optimized with the Yoast SEO plugin v20.6 - https:\/\/yoast.com\/wordpress\/plugins\/seo\/ -->\n<title>Impressum  - Musikverein Ottoschwanden e.V.<\/title>\n<meta name=\"robots\" content=\"index, follow, max-snippet:-1, max-image-preview:large, max-video-preview:-1\" \/>\n<link rel=\"canonical\" href=\"https:\/\/www.musikverein-ottoschwanden.de\/index.php\/impressum\/\" \/>\n<meta property=\"og:locale\" content=\"de_DE\" \/>\n<meta property=\"og:type\" content=\"article\" \/>\n<meta property=\"og:title\" content=\"Impressum  - Musikverein Ottoschwanden e.V.\" \/>\n<meta property=\"og:description\" content=\"Angaben gem\u00e4\u00df \u00a7 5 TMG Musikverein Ottoschwanden e.V. Sonne 179348 Freiamt Vertreten durch: Tobias B\u00fchler, Hansj\u00f6rg B\u00fchrer, Klaus Ziebold, Tamara Engler Registereintrag: Eintragung im Vereinsregister, Registergericht: Freiburg Registernummer: 260026 Verantwortlich f\u00fcr den Inhalt nach \u00a7 55 Abs. 2 RStV: Florian Ziebold\u00a0\u00a0Sonne 1\u00a0 79348 Freiamt Haftungsausschluss: Haftung f\u00fcr Inhalte Die Inhalte unserer Seiten wurden mit gr\u00f6\u00dfter [&hellip;]\" \/>\n<meta property=\"og:url\" content=\"https:\/\/www.musikverein-ottoschwanden.de\/index.php\/impressum\/\" \/>\n<meta property=\"og:site_name\" content=\"Musikverein Ottoschwanden e.V.\" \/>\n<meta property=\"article:modified_time\" content=\"2021-01-12T21:13:36+00:00\" \/>\n<meta name=\"twitter:card\" content=\"summary_large_image\" \/>\n<meta name=\"twitter:label1\" content=\"Gesch\u00e4tzte Lesezeit\" \/>\n\t<meta name=\"twitter:data1\" content=\"2\u00a0Minuten\" \/>\n<script type=\"application\/ld+json\" class=\"yoast-schema-graph\">{\"@context\":\"https:\/\/schema.org\",\"@graph\":[{\"@type\":\"WebPage\",\"@id\":\"https:\/\/www.musikverein-ottoschwanden.de\/index.php\/impressum\/\",\"url\":\"https:\/\/www.musikverein-ottoschwanden.de\/index.php\/impressum\/\",\"name\":\"Impressum - Musikverein Ottoschwanden e.V.\",\"isPartOf\":{\"@id\":\"https:\/\/www.musikverein-ottoschwanden.de\/#website\"},\"datePublished\":\"2020-03-25T19:05:01+00:00\",\"dateModified\":\"2021-01-12T21:13:36+00:00\",\"breadcrumb\":{\"@id\":\"https:\/\/www.musikverein-ottoschwanden.de\/index.php\/impressum\/#breadcrumb\"},\"inLanguage\":\"de\",\"potentialAction\":[{\"@type\":\"ReadAction\",\"target\":[\"https:\/\/www.musikverein-ottoschwanden.de\/index.php\/impressum\/\"]}]},{\"@type\":\"BreadcrumbList\",\"@id\":\"https:\/\/www.musikverein-ottoschwanden.de\/index.php\/impressum\/#breadcrumb\",\"itemListElement\":[{\"@type\":\"ListItem\",\"position\":1,\"name\":\"Home\",\"item\":\"https:\/\/www.musikverein-ottoschwanden.de\/\"},{\"@type\":\"ListItem\",\"position\":2,\"name\":\"Impressum\"}]},{\"@type\":\"WebSite\",\"@id\":\"https:\/\/www.musikverein-ottoschwanden.de\/#website\",\"url\":\"https:\/\/www.musikverein-ottoschwanden.de\/\",\"name\":\"Musikverein Ottoschwanden e.V.\",\"description\":\"\",\"potentialAction\":[{\"@type\":\"SearchAction\",\"target\":{\"@type\":\"EntryPoint\",\"urlTemplate\":\"https:\/\/www.musikverein-ottoschwanden.de\/?s={search_term_string}\"},\"query-input\":\"required name=search_term_string\"}],\"inLanguage\":\"de\"}]}<\/script>\n<!-- \/ Yoast SEO plugin. -->","yoast_head_json":{"title":"Impressum  - Musikverein Ottoschwanden e.V.","robots":{"index":"index","follow":"follow","max-snippet":"max-snippet:-1","max-image-preview":"max-image-preview:large","max-video-preview":"max-video-preview:-1"},"canonical":"https:\/\/www.musikverein-ottoschwanden.de\/index.php\/impressum\/","og_locale":"de_DE","og_type":"article","og_title":"Impressum  - Musikverein Ottoschwanden e.V.","og_description":"Angaben gem\u00e4\u00df \u00a7 5 TMG Musikverein Ottoschwanden e.V. Sonne 179348 Freiamt Vertreten durch: Tobias B\u00fchler, Hansj\u00f6rg B\u00fchrer, Klaus Ziebold, Tamara Engler Registereintrag: Eintragung im Vereinsregister, Registergericht: Freiburg Registernummer: 260026 Verantwortlich f\u00fcr den Inhalt nach \u00a7 55 Abs. 2 RStV: Florian Ziebold\u00a0\u00a0Sonne 1\u00a0 79348 Freiamt Haftungsausschluss: Haftung f\u00fcr Inhalte Die Inhalte unserer Seiten wurden mit gr\u00f6\u00dfter [&hellip;]","og_url":"https:\/\/www.musikverein-ottoschwanden.de\/index.php\/impressum\/","og_site_name":"Musikverein Ottoschwanden e.V.","article_modified_time":"2021-01-12T21:13:36+00:00","twitter_card":"summary_large_image","twitter_misc":{"Gesch\u00e4tzte Lesezeit":"2\u00a0Minuten"},"schema":{"@context":"https:\/\/schema.org","@graph":[{"@type":"WebPage","@id":"https:\/\/www.musikverein-ottoschwanden.de\/index.php\/impressum\/","url":"https:\/\/www.musikverein-ottoschwanden.de\/index.php\/impressum\/","name":"Impressum - Musikverein Ottoschwanden e.V.","isPartOf":{"@id":"https:\/\/www.musikverein-ottoschwanden.de\/#website"},"datePublished":"2020-03-25T19:05:01+00:00","dateModified":"2021-01-12T21:13:36+00:00","breadcrumb":{"@id":"https:\/\/www.musikverein-ottoschwanden.de\/index.php\/impressum\/#breadcrumb"},"inLanguage":"de","potentialAction":[{"@type":"ReadAction","target":["https:\/\/www.musikverein-ottoschwanden.de\/index.php\/impressum\/"]}]},{"@type":"BreadcrumbList","@id":"https:\/\/www.musikverein-ottoschwanden.de\/index.php\/impressum\/#breadcrumb","itemListElement":[{"@type":"ListItem","position":1,"name":"Home","item":"https:\/\/www.musikverein-ottoschwanden.de\/"},{"@type":"ListItem","position":2,"name":"Impressum"}]},{"@type":"WebSite","@id":"https:\/\/www.musikverein-ottoschwanden.de\/#website","url":"https:\/\/www.musikverein-ottoschwanden.de\/","name":"Musikverein Ottoschwanden e.V.","description":"","potentialAction":[{"@type":"SearchAction","target":{"@type":"EntryPoint","urlTemplate":"https:\/\/www.musikverein-ottoschwanden.de\/?s={search_term_string}"},"query-input":"required name=search_term_string"}],"inLanguage":"de"}]}},"_links":{"self":[{"href":"https:\/\/www.musikverein-ottoschwanden.de\/index.php\/wp-json\/wp\/v2\/pages\/728"}],"collection":[{"href":"https:\/\/www.musikverein-ottoschwanden.de\/index.php\/wp-json\/wp\/v2\/pages"}],"about":[{"href":"https:\/\/www.musikverein-ottoschwanden.de\/index.php\/wp-json\/wp\/v2\/types\/page"}],"author":[{"embeddable":true,"href":"https:\/\/www.musikverein-ottoschwanden.de\/index.php\/wp-json\/wp\/v2\/users\/1"}],"replies":[{"embeddable":true,"href":"https:\/\/www.musikverein-ottoschwanden.de\/index.php\/wp-json\/wp\/v2\/comments?post=728"}],"version-history":[{"count":7,"href":"https:\/\/www.musikverein-ottoschwanden.de\/index.php\/wp-json\/wp\/v2\/pages\/728\/revisions"}],"predecessor-version":[{"id":1675,"href":"https:\/\/www.musikverein-ottoschwanden.de\/index.php\/wp-json\/wp\/v2\/pages\/728\/revisions\/1675"}],"wp:attachment":[{"href":"https:\/\/www.musikverein-ottoschwanden.de\/index.php\/wp-json\/wp\/v2\/media?parent=728"}],"curies":[{"name":"wp","href":"https:\/\/api.w.org\/{rel}","templated":true}]}}